{"id":121,"date":"2023-02-07T09:49:20","date_gmt":"2023-02-07T08:49:20","guid":{"rendered":"http:\/\/www.scaffthermos.fr\/?page_id=121"},"modified":"2023-02-07T09:57:57","modified_gmt":"2023-02-07T08:57:57","slug":"nos-prestations","status":"publish","type":"page","link":"http:\/\/www.scaffthermos.fr\/index.php\/nos-prestations\/","title":{"rendered":"NOS PRESTATIONS"},"content":{"rendered":"\n<p>LOCATION <\/p>\n\n\n\n<p><strong>Nous sommes \u00e0 votre \u00e9coute pour orienter votre choix, l\u2019entreprise SCAFF THERMOS vous propose des mat\u00e9riels performants adapt\u00e9s \u00e0 vos besoins<\/strong>.<\/p>\n\n\n\n<p><strong>Notre \u00e9quipe met \u00e0 la disposition de votre chantier la location<\/strong>,&nbsp;<strong>garantissant ainsi confort et s\u00e9curit\u00e9 aux ouvriers. Nous proposons une location \u00e0 la journ\u00e9e, \u00e0 la semaine et au mois, pour des \u00e9chafaudages fixes, volants ou roulants.<\/strong>&nbsp;<strong>Nous sommes \u00e0 m\u00eame de couvrir des chantiers de toutes hauteurs et toutes surfaces.<\/strong><\/p>\n\n\n\n<p>MONTAGE <\/p>\n\n\n\n<p><strong>Le montage d\u2019\u00e9chafaudage est une\u00a0op\u00e9ration complexe, c\u2019est pourquoi il doit \u00eatre r\u00e9alis\u00e9 par un professionnel pour garantir la s\u00e9curit\u00e9 des ouvriers et des personnes environnantes.\u00a0L\u2019\u00e9quipe SCAFF THERMOS poss\u00e8de les qualifications n\u00e9cessaires pour monter tous types d\u2019\u00e9chafaudages: suspendus, roulants, de pied, fixes,sur platines etc..\u00a0<\/strong><\/p>\n\n\n\n<p><strong>Nous respectons les r\u00e9glementations en vigueur lors de l\u2019assemblage<\/strong><\/p>\n\n\n\n<p>DEMONTAGE <\/p>\n\n\n\n<p><strong>Afin de d\u00e9monter les \u00e9chafaudages il faut intervenir efficacement sur les chantiers professionnels, c\u2019est pour cela que l\u2019\u00e9quipe SCAFF THERMOS a suivi des\u00a0formations sp\u00e9cialis\u00e9es. Nous respectons ainsi les r\u00e9glementations et normes de s\u00fbret\u00e9 pour assurer la s\u00e9curit\u00e9 totale des lieux. Nous d\u00e9montons les tubes, pieds, panneaux et garde-corps.<\/strong><\/p>\n\n\n\n<p><strong>L\u2019\u00e9quipe SCAFF THERMOS fait preuve d\u2019efficacit\u00e9 et de polyvalence afin d\u2019intervenir sur tous types de chantiers<\/strong>.<\/p>\n","protected":false},"excerpt":{"rendered":"<p>LOCATION Nous sommes \u00e0 votre \u00e9coute pour orienter votre choix, l\u2019entreprise SCAFF THERMOS vous propose des mat\u00e9riels performants adapt\u00e9s \u00e0 vos besoins. Notre \u00e9quipe met \u00e0 la disposition de votre chantier la location,&nbsp;garantissant ainsi confort et s\u00e9curit\u00e9 aux ouvriers. Nous proposons une location \u00e0 la journ\u00e9e, \u00e0 la semaine et au mois, pour des \u00e9chafaudages [&hellip;]<\/p>\n","protected":false},"author":1,"featured_media":0,"parent":0,"menu_order":0,"comment_status":"closed","ping_status":"closed","template":"","meta":{"_themeisle_gutenberg_block_has_review":false,"footnotes":""},"class_list":["post-121","page","type-page","status-publish","hentry"],"_links":{"self":[{"href":"http:\/\/www.scaffthermos.fr\/index.php\/wp-json\/wp\/v2\/pages\/121","targetHints":{"allow":["GET"]}}],"collection":[{"href":"http:\/\/www.scaffthermos.fr\/index.php\/wp-json\/wp\/v2\/pages"}],"about":[{"href":"http:\/\/www.scaffthermos.fr\/index.php\/wp-json\/wp\/v2\/types\/page"}],"author":[{"embeddable":true,"href":"http:\/\/www.scaffthermos.fr\/index.php\/wp-json\/wp\/v2\/users\/1"}],"replies":[{"embeddable":true,"href":"http:\/\/www.scaffthermos.fr\/index.php\/wp-json\/wp\/v2\/comments?post=121"}],"version-history":[{"count":2,"href":"http:\/\/www.scaffthermos.fr\/index.php\/wp-json\/wp\/v2\/pages\/121\/revisions"}],"predecessor-version":[{"id":125,"href":"http:\/\/www.scaffthermos.fr\/index.php\/wp-json\/wp\/v2\/pages\/121\/revisions\/125"}],"wp:attachment":[{"href":"http:\/\/www.scaffthermos.fr\/index.php\/wp-json\/wp\/v2\/media?parent=121"}],"curies":[{"name":"wp","href":"https:\/\/api.w.org\/{rel}","templated":true}]}}